{"id":14556,"date":"2025-05-10T11:10:11","date_gmt":"2025-05-10T11:10:11","guid":{"rendered":"https:\/\/signus.agency\/product\/kinddot-marskineliai\/"},"modified":"2025-05-13T20:11:14","modified_gmt":"2025-05-13T20:11:14","slug":"uzsidektaska-marskiniai","status":"publish","type":"product","link":"https:\/\/signus.agency\/lt\/produktas\/uzsidektaska-marskiniai\/","title":{"rendered":"#U\u017dSID\u0116KTA\u0160K\u0104 Mar\u0161kiniai"},"content":{"rendered":"<p>Gerumo ta\u0161keliu pa\u017eym\u0117ti mar\u0161kiniai &#8211; J\u016bs\u0173 jaukioms akimirkoms! \u012esigydami stilingus bei kokybi\u0161kus, i\u0161 ekologi\u0161kos medviln\u0117s pagamintus mar\u0161kinius ne tik apsigaubsite \u0161iluma, ta\u010diau ir prisid\u0117site prie prasming\u0173 darb\u0173. Kiekvienas \u012fsigytas ta\u0161kelis virsta parama sunkiai sergantiems vaikams.<br \/>\nSud\u0117tis: 100% ekologi\u0161ka medviln\u0117<br \/>\nSpalvos: juoda, \u0161ilta balta<\/p>\n","protected":false},"excerpt":{"rendered":"<p><strong>#U\u017dSID\u0116KTA\u0160K\u0104, sukurk ger\u0105 darb\u0105!<\/strong><br \/>\nU\u017e kiekvien\u0105 ta\u0161k\u0105 surinktos l\u0117\u0161os skiriamos sunkiai sergantiems vaikams \u2013 med. \u012frangos ir medikament\u0173 apr\u016bpinimui, svarbi\u0173 gydym\u0173 ir operacij\u0173 \u012fgyvendinimui bei slapt\u0173 svajoni\u0173 i\u0161pildymui.<\/p>\n","protected":false},"featured_media":14388,"comment_status":"closed","ping_status":"closed","template":"","meta":[],"product_brand":[],"product_cat":[515,522,527],"product_tag":[],"class_list":{"0":"post-14556","1":"product","2":"type-product","3":"status-publish","4":"has-post-thumbnail","6":"product_cat-uzsidektaska-kolekcija","7":"product_cat-naujienos","8":"product_cat-pavasaris-vasara","10":"first","11":"instock","12":"shipping-taxable","13":"purchasable","14":"product-type-variable"},"_links":{"self":[{"href":"https:\/\/signus.agency\/lt\/wp-json\/wp\/v2\/product\/14556","targetHints":{"allow":["GET"]}}],"collection":[{"href":"https:\/\/signus.agency\/lt\/wp-json\/wp\/v2\/product"}],"about":[{"href":"https:\/\/signus.agency\/lt\/wp-json\/wp\/v2\/types\/product"}],"replies":[{"embeddable":true,"href":"https:\/\/signus.agency\/lt\/wp-json\/wp\/v2\/comments?post=14556"}],"wp:featuredmedia":[{"embeddable":true,"href":"https:\/\/signus.agency\/lt\/wp-json\/wp\/v2\/media\/14388"}],"wp:attachment":[{"href":"https:\/\/signus.agency\/lt\/wp-json\/wp\/v2\/media?parent=14556"}],"wp:term":[{"taxonomy":"product_brand","embeddable":true,"href":"https:\/\/signus.agency\/lt\/wp-json\/wp\/v2\/product_brand?post=14556"},{"taxonomy":"product_cat","embeddable":true,"href":"https:\/\/signus.agency\/lt\/wp-json\/wp\/v2\/product_cat?post=14556"},{"taxonomy":"product_tag","embeddable":true,"href":"https:\/\/signus.agency\/lt\/wp-json\/wp\/v2\/product_tag?post=14556"}],"curies":[{"name":"wp","href":"https:\/\/api.w.org\/{rel}","templated":true}]}}