{"id":14548,"date":"2025-05-10T11:10:50","date_gmt":"2025-05-10T11:10:50","guid":{"rendered":"https:\/\/signus.agency\/product\/marskineliai-lets-joins-our-joy\/"},"modified":"2025-05-13T20:09:16","modified_gmt":"2025-05-13T20:09:16","slug":"marskineliai-lets-join-our-joy","status":"publish","type":"product","link":"https:\/\/signus.agency\/lt\/produktas\/marskineliai-lets-join-our-joy\/","title":{"rendered":"Mar\u0161kin\u0117liai Lets Join our Joy"},"content":{"rendered":"<p>&#8222;Kad ir kokia kova beb\u016bt\u0173, kartu j\u0105 \u012fveikti visada lengviau, tad vienykim\u0117s bendrai kovai!<\/p>\n<p>\u201eRimanto Kauk\u0117no paramos fondas\u201c ir \u201eKyokushin karate Kaunas\u201c kvie\u010dia Jus \u012fsigyti specialiuosius mar\u0161kin\u0117lius \u201eLET\u2019S JOIN \u201c ir taip paremti sunkiai sergan\u010dius Lietuvos vaikus!<br \/>\nSud\u0117tis: 100% medviln\u0117&#8221;<\/p>\n","protected":false},"excerpt":{"rendered":"<p><strong>&#8222;Kartu kovokime u\u017e pergal\u0119 \u2013 #LETS JOIN OUR JOY !<\/strong><\/p>\n<p>Visos surinktos l\u0117\u0161os skiriamos sunkiai sergantiems vaikams \u2013 med. \u012frangos ir medikament\u0173 apr\u016bpinimui, svarbi\u0173 gydym\u0173 ir operacij\u0173 \u012fgyvendinimui bei slapt\u0173 svajoni\u0173 i\u0161pildymui.&#8221;<\/p>\n","protected":false},"featured_media":14419,"comment_status":"closed","ping_status":"closed","template":"","meta":[],"product_brand":[],"product_cat":[521,522],"product_tag":[],"class_list":{"0":"post-14548","1":"product","2":"type-product","3":"status-publish","4":"has-post-thumbnail","6":"product_cat-lets-join-lt","7":"product_cat-naujienos","9":"first","10":"instock","11":"shipping-taxable","12":"purchasable","13":"product-type-variable"},"_links":{"self":[{"href":"https:\/\/signus.agency\/lt\/wp-json\/wp\/v2\/product\/14548","targetHints":{"allow":["GET"]}}],"collection":[{"href":"https:\/\/signus.agency\/lt\/wp-json\/wp\/v2\/product"}],"about":[{"href":"https:\/\/signus.agency\/lt\/wp-json\/wp\/v2\/types\/product"}],"replies":[{"embeddable":true,"href":"https:\/\/signus.agency\/lt\/wp-json\/wp\/v2\/comments?post=14548"}],"wp:featuredmedia":[{"embeddable":true,"href":"https:\/\/signus.agency\/lt\/wp-json\/wp\/v2\/media\/14419"}],"wp:attachment":[{"href":"https:\/\/signus.agency\/lt\/wp-json\/wp\/v2\/media?parent=14548"}],"wp:term":[{"taxonomy":"product_brand","embeddable":true,"href":"https:\/\/signus.agency\/lt\/wp-json\/wp\/v2\/product_brand?post=14548"},{"taxonomy":"product_cat","embeddable":true,"href":"https:\/\/signus.agency\/lt\/wp-json\/wp\/v2\/product_cat?post=14548"},{"taxonomy":"product_tag","embeddable":true,"href":"https:\/\/signus.agency\/lt\/wp-json\/wp\/v2\/product_tag?post=14548"}],"curies":[{"name":"wp","href":"https:\/\/api.w.org\/{rel}","templated":true}]}}