{"id":3425,"date":"2025-04-30T20:18:38","date_gmt":"2025-04-30T20:18:38","guid":{"rendered":"https:\/\/signus.agency\/cart\/"},"modified":"2025-05-06T11:32:08","modified_gmt":"2025-05-06T11:32:08","slug":"cart","status":"publish","type":"page","link":"https:\/\/signus.agency\/lt\/cart\/","title":{"rendered":"Cart"},"content":{"rendered":"\n<div data-block-name=\"woocommerce\/cart\" class=\"wp-block-woocommerce-cart alignwide is-loading\">\n<div data-block-name=\"woocommerce\/filled-cart-block\" class=\"wp-block-woocommerce-filled-cart-block\">\n<div data-block-name=\"woocommerce\/cart-items-block\" class=\"wp-block-woocommerce-cart-items-block\">\n<div data-block-name=\"woocommerce\/cart-line-items-block\" class=\"wp-block-woocommerce-cart-line-items-block\"><\/div>\n\n\n\n<div data-block-name=\"woocommerce\/cart-cross-sells-block\" class=\"wp-block-woocommerce-cart-cross-sells-block\">\n<h2 class=\"wp-block-heading has-large-font-size\">You may be interested in\u2026<\/h2>\n\n\n\n<div data-block-name=\"woocommerce\/cart-cross-sells-products-block\" class=\"wp-block-woocommerce-cart-cross-sells-products-block\"><\/div>\n<\/div>\n<\/div>\n\n\n\n<div data-block-name=\"woocommerce\/cart-totals-block\" class=\"wp-block-woocommerce-cart-totals-block\">\n<div data-block-name=\"woocommerce\/cart-order-summary-block\" class=\"wp-block-woocommerce-cart-order-summary-block\">\n<div data-block-name=\"woocommerce\/cart-order-summary-heading-block\" class=\"wp-block-woocommerce-cart-order-summary-heading-block\"><\/div><div data-block-name=\"woocommerce\/cart-order-summary-coupon-form-block\" class=\"wp-block-woocommerce-cart-order-summary-coupon-form-block\"><\/div><div data-block-name=\"woocommerce\/cart-order-summary-totals-block\" class=\"wp-block-woocommerce-cart-order-summary-totals-block\">\n<div data-block-name=\"woocommerce\/cart-order-summary-subtotal-block\" class=\"wp-block-woocommerce-cart-order-summary-subtotal-block\"><\/div>\n<div data-block-name=\"woocommerce\/cart-order-summary-discount-block\" class=\"wp-block-woocommerce-cart-order-summary-discount-block\"><\/div>\n<div data-block-name=\"woocommerce\/cart-order-summary-fee-block\" class=\"wp-block-woocommerce-cart-order-summary-fee-block\"><\/div>\n<div data-block-name=\"woocommerce\/cart-order-summary-shipping-block\" class=\"wp-block-woocommerce-cart-order-summary-shipping-block\"><\/div>\n<div data-block-name=\"woocommerce\/cart-order-summary-taxes-block\" class=\"wp-block-woocommerce-cart-order-summary-taxes-block\"><\/div><\/div>\n<\/div>\n\n\n\n<div data-block-name=\"woocommerce\/cart-express-payment-block\" class=\"wp-block-woocommerce-cart-express-payment-block\"><\/div>\n\n\n\n<div data-block-name=\"woocommerce\/proceed-to-checkout-block\" class=\"wp-block-woocommerce-proceed-to-checkout-block\"><\/div>\n\n\n\n<div data-block-name=\"woocommerce\/cart-accepted-payment-methods-block\" class=\"wp-block-woocommerce-cart-accepted-payment-methods-block\"><\/div>\n<\/div>\n<\/div>\n\n\n\n<div data-block-name=\"woocommerce\/empty-cart-block\" class=\"wp-block-woocommerce-empty-cart-block\">\n<h2 class=\"wp-block-heading has-text-align-center with-empty-cart-icon wc-block-cart__empty-cart__title\">Your cart is currently empty!<\/h2>\n\n\n\n<hr class=\"wp-block-separator has-alpha-channel-opacity is-style-dots\"\/>\n\n\n\n<h2 class=\"wp-block-heading has-text-align-center\">New in store<\/h2>\n\n\n<div data-block-name=\"woocommerce\/product-new\" data-columns=\"4\" data-rows=\"1\" class=\"wc-block-grid wp-block-product-new wp-block-woocommerce-product-new wc-block-product-new has-4-columns\"><ul class=\"wc-block-grid__products\"><li class=\"wc-block-grid__product\">\n\t\t\t\t<a href=\"https:\/\/signus.agency\/lt\/produktas\/rasiklis-the-world\/\" class=\"wc-block-grid__product-link\">\n\t\t\t\t\t\n\t\t\t\t\t<div class=\"wc-block-grid__product-image\"><img loading=\"lazy\" decoding=\"async\" width=\"300\" height=\"300\" src=\"https:\/\/signus.agency\/wp-content\/uploads\/2025\/05\/AE1A9773sq-copy_1_1-300x300.jpg\" class=\"attachment-woocommerce_thumbnail size-woocommerce_thumbnail\" alt=\"Ra\u0161iklis \u2022 The World \u2022\" srcset=\"https:\/\/signus.agency\/wp-content\/uploads\/2025\/05\/AE1A9773sq-copy_1_1-300x300.jpg 300w, https:\/\/signus.agency\/wp-content\/uploads\/2025\/05\/AE1A9773sq-copy_1_1-1024x1024.jpg 1024w, https:\/\/signus.agency\/wp-content\/uploads\/2025\/05\/AE1A9773sq-copy_1_1-150x150.jpg 150w, https:\/\/signus.agency\/wp-content\/uploads\/2025\/05\/AE1A9773sq-copy_1_1-768x768.jpg 768w, https:\/\/signus.agency\/wp-content\/uploads\/2025\/05\/AE1A9773sq-copy_1_1-1536x1536.jpg 1536w, https:\/\/signus.agency\/wp-content\/uploads\/2025\/05\/AE1A9773sq-copy_1_1-140x140.jpg 140w, https:\/\/signus.agency\/wp-content\/uploads\/2025\/05\/AE1A9773sq-copy_1_1-100x100.jpg 100w, https:\/\/signus.agency\/wp-content\/uploads\/2025\/05\/AE1A9773sq-copy_1_1-500x500.jpg 500w, https:\/\/signus.agency\/wp-content\/uploads\/2025\/05\/AE1A9773sq-copy_1_1-350x350.jpg 350w, https:\/\/signus.agency\/wp-content\/uploads\/2025\/05\/AE1A9773sq-copy_1_1-1000x1000.jpg 1000w, https:\/\/signus.agency\/wp-content\/uploads\/2025\/05\/AE1A9773sq-copy_1_1-800x800.jpg 800w, https:\/\/signus.agency\/wp-content\/uploads\/2025\/05\/AE1A9773sq-copy_1_1-50x50.jpg 50w, https:\/\/signus.agency\/wp-content\/uploads\/2025\/05\/AE1A9773sq-copy_1_1.jpg 1900w\" sizes=\"auto, (max-width: 300px) 100vw, 300px\" \/><\/div>\n\t\t\t\t\t<div class=\"wc-block-grid__product-title\">Ra\u0161iklis \u2022 The World \u2022<\/div>\n\t\t\t\t<\/a>\n\t\t\t\t<div class=\"wc-block-grid__product-price price\"><span class=\"woocommerce-Price-amount amount\">5.00&nbsp;<span class=\"woocommerce-Price-currencySymbol\">&euro;<\/span><\/span><\/div>\n\t\t\t\t\n\t\t\t\t<div class=\"wp-block-button wc-block-grid__product-add-to-cart\"><a href=\"https:\/\/signus.agency\/lt\/produktas\/rasiklis-the-world\/\" aria-label=\"Pasirinkti savybes: &ldquo;Ra\u0161iklis \u2022 The World \u2022&rdquo;\" data-quantity=\"1\" data-product_id=\"14546\" data-product_sku=\"PENCIL-INF-1\" data-price=\"5\" rel=\"nofollow\" class=\"wp-block-button__link  add_to_cart_button\">Pasirinkti savybes<\/a><\/div>\n\t\t\t<\/li><li class=\"wc-block-grid__product\">\n\t\t\t\t<a href=\"https:\/\/signus.agency\/lt\/produktas\/kinddot-dzemperis-su-gobtuvu\/\" class=\"wc-block-grid__product-link\">\n\t\t\t\t\t<div class=\"wc-block-grid__product-onsale\">\n\t\t\t<span aria-hidden=\"true\">Akcija<\/span>\n\t\t\t<span class=\"screen-reader-text\">Produktas su nuolaida<\/span>\n\t\t<\/div>\n\t\t\t\t\t<div class=\"wc-block-grid__product-image\"><img loading=\"lazy\" decoding=\"async\" width=\"300\" height=\"300\" src=\"https:\/\/signus.agency\/wp-content\/uploads\/2025\/05\/low_resolution_RK4051_1-300x300.jpg\" class=\"attachment-woocommerce_thumbnail size-woocommerce_thumbnail\" alt=\"#U\u017dSID\u0116KTA\u0160K\u0104 D\u017eemperis su kapi\u0161onu\" srcset=\"https:\/\/signus.agency\/wp-content\/uploads\/2025\/05\/low_resolution_RK4051_1-300x300.jpg 300w, https:\/\/signus.agency\/wp-content\/uploads\/2025\/05\/low_resolution_RK4051_1-1024x1024.jpg 1024w, https:\/\/signus.agency\/wp-content\/uploads\/2025\/05\/low_resolution_RK4051_1-150x150.jpg 150w, https:\/\/signus.agency\/wp-content\/uploads\/2025\/05\/low_resolution_RK4051_1-768x768.jpg 768w, https:\/\/signus.agency\/wp-content\/uploads\/2025\/05\/low_resolution_RK4051_1-1536x1536.jpg 1536w, https:\/\/signus.agency\/wp-content\/uploads\/2025\/05\/low_resolution_RK4051_1-140x140.jpg 140w, https:\/\/signus.agency\/wp-content\/uploads\/2025\/05\/low_resolution_RK4051_1-100x100.jpg 100w, https:\/\/signus.agency\/wp-content\/uploads\/2025\/05\/low_resolution_RK4051_1-500x500.jpg 500w, https:\/\/signus.agency\/wp-content\/uploads\/2025\/05\/low_resolution_RK4051_1-350x350.jpg 350w, https:\/\/signus.agency\/wp-content\/uploads\/2025\/05\/low_resolution_RK4051_1-1000x1000.jpg 1000w, https:\/\/signus.agency\/wp-content\/uploads\/2025\/05\/low_resolution_RK4051_1-800x800.jpg 800w, https:\/\/signus.agency\/wp-content\/uploads\/2025\/05\/low_resolution_RK4051_1-50x50.jpg 50w, https:\/\/signus.agency\/wp-content\/uploads\/2025\/05\/low_resolution_RK4051_1.jpg 2048w\" sizes=\"auto, (max-width: 300px) 100vw, 300px\" \/><\/div>\n\t\t\t\t\t<div class=\"wc-block-grid__product-title\">#U\u017dSID\u0116KTA\u0160K\u0104 D\u017eemperis su kapi\u0161onu<\/div>\n\t\t\t\t<\/a>\n\t\t\t\t<div class=\"wc-block-grid__product-price price\"><del aria-hidden=\"true\"><span class=\"woocommerce-Price-amount amount\">69.00&nbsp;<span class=\"woocommerce-Price-currencySymbol\">&euro;<\/span><\/span><\/del> <span class=\"screen-reader-text\">Original price was: 69.00&nbsp;&euro;.<\/span><ins aria-hidden=\"true\"><span class=\"woocommerce-Price-amount amount\">54.00&nbsp;<span class=\"woocommerce-Price-currencySymbol\">&euro;<\/span><\/span><\/ins><span class=\"screen-reader-text\">Current price is: 54.00&nbsp;&euro;.<\/span><\/div>\n\t\t\t\t\n\t\t\t\t<div class=\"wp-block-button wc-block-grid__product-add-to-cart\"><a href=\"https:\/\/signus.agency\/lt\/produktas\/kinddot-dzemperis-su-gobtuvu\/\" aria-label=\"Pasirinkti savybes: &ldquo;#U\u017dSID\u0116KTA\u0160K\u0104 D\u017eemperis su kapi\u0161onu&rdquo;\" data-quantity=\"1\" data-product_id=\"14518\" data-product_sku=\"JCRU-2\" data-price=\"54\" rel=\"nofollow\" class=\"wp-block-button__link  add_to_cart_button\">Pasirinkti savybes<\/a><\/div>\n\t\t\t<\/li><li class=\"wc-block-grid__product\">\n\t\t\t\t<a href=\"https:\/\/signus.agency\/lt\/produktas\/marskineliai-lets-join-our-joy\/\" class=\"wc-block-grid__product-link\">\n\t\t\t\t\t\n\t\t\t\t\t<div class=\"wc-block-grid__product-image\"><img loading=\"lazy\" decoding=\"async\" width=\"300\" height=\"300\" src=\"https:\/\/signus.agency\/wp-content\/uploads\/2025\/05\/DSC03130-300x300.jpg\" class=\"attachment-woocommerce_thumbnail size-woocommerce_thumbnail\" alt=\"Mar\u0161kin\u0117liai Lets Join our Joy\" srcset=\"https:\/\/signus.agency\/wp-content\/uploads\/2025\/05\/DSC03130-300x300.jpg 300w, https:\/\/signus.agency\/wp-content\/uploads\/2025\/05\/DSC03130-150x150.jpg 150w, https:\/\/signus.agency\/wp-content\/uploads\/2025\/05\/DSC03130-768x768.jpg 768w, https:\/\/signus.agency\/wp-content\/uploads\/2025\/05\/DSC03130-140x140.jpg 140w, https:\/\/signus.agency\/wp-content\/uploads\/2025\/05\/DSC03130-100x100.jpg 100w, https:\/\/signus.agency\/wp-content\/uploads\/2025\/05\/DSC03130-500x500.jpg 500w, https:\/\/signus.agency\/wp-content\/uploads\/2025\/05\/DSC03130-350x350.jpg 350w, https:\/\/signus.agency\/wp-content\/uploads\/2025\/05\/DSC03130-800x800.jpg 800w, https:\/\/signus.agency\/wp-content\/uploads\/2025\/05\/DSC03130-50x50.jpg 50w, https:\/\/signus.agency\/wp-content\/uploads\/2025\/05\/DSC03130.jpg 1000w\" sizes=\"auto, (max-width: 300px) 100vw, 300px\" \/><\/div>\n\t\t\t\t\t<div class=\"wc-block-grid__product-title\">Mar\u0161kin\u0117liai Lets Join our Joy<\/div>\n\t\t\t\t<\/a>\n\t\t\t\t<div class=\"wc-block-grid__product-price price\"><span class=\"woocommerce-Price-amount amount\">20.00&nbsp;<span class=\"woocommerce-Price-currencySymbol\">&euro;<\/span><\/span><\/div>\n\t\t\t\t\n\t\t\t\t<div class=\"wp-block-button wc-block-grid__product-add-to-cart\"><a href=\"https:\/\/signus.agency\/lt\/produktas\/marskineliai-lets-join-our-joy\/\" aria-label=\"Pasirinkti savybes: &ldquo;Mar\u0161kin\u0117liai Lets Join our Joy&rdquo;\" data-quantity=\"1\" data-product_id=\"14548\" data-product_sku=\"TSLETS-FLG-1\" data-price=\"20\" rel=\"nofollow\" class=\"wp-block-button__link  add_to_cart_button\">Pasirinkti savybes<\/a><\/div>\n\t\t\t<\/li><li class=\"wc-block-grid__product\">\n\t\t\t\t<a href=\"https:\/\/signus.agency\/lt\/produktas\/uzsidektaska-marskiniai\/\" class=\"wc-block-grid__product-link\">\n\t\t\t\t\t\n\t\t\t\t\t<div class=\"wc-block-grid__product-image\"><img loading=\"lazy\" decoding=\"async\" width=\"300\" height=\"300\" src=\"https:\/\/signus.agency\/wp-content\/uploads\/2025\/05\/4-300x300.png\" class=\"attachment-woocommerce_thumbnail size-woocommerce_thumbnail\" alt=\"#U\u017dSID\u0116KTA\u0160K\u0104 Mar\u0161kiniai\" srcset=\"https:\/\/signus.agency\/wp-content\/uploads\/2025\/05\/4-300x300.png 300w, https:\/\/signus.agency\/wp-content\/uploads\/2025\/05\/4-150x150.png 150w, https:\/\/signus.agency\/wp-content\/uploads\/2025\/05\/4-768x768.png 768w, https:\/\/signus.agency\/wp-content\/uploads\/2025\/05\/4-140x140.png 140w, https:\/\/signus.agency\/wp-content\/uploads\/2025\/05\/4-100x100.png 100w, https:\/\/signus.agency\/wp-content\/uploads\/2025\/05\/4-500x500.png 500w, https:\/\/signus.agency\/wp-content\/uploads\/2025\/05\/4-350x350.png 350w, https:\/\/signus.agency\/wp-content\/uploads\/2025\/05\/4-50x50.png 50w, https:\/\/signus.agency\/wp-content\/uploads\/2025\/05\/4.png 800w\" sizes=\"auto, (max-width: 300px) 100vw, 300px\" \/><\/div>\n\t\t\t\t\t<div class=\"wc-block-grid__product-title\">#U\u017dSID\u0116KTA\u0160K\u0104 Mar\u0161kiniai<\/div>\n\t\t\t\t<\/a>\n\t\t\t\t<div class=\"wc-block-grid__product-price price\"><span class=\"woocommerce-Price-amount amount\">59.00&nbsp;<span class=\"woocommerce-Price-currencySymbol\">&euro;<\/span><\/span><\/div>\n\t\t\t\t\n\t\t\t\t<div class=\"wp-block-button wc-block-grid__product-add-to-cart\"><a href=\"https:\/\/signus.agency\/lt\/produktas\/uzsidektaska-marskiniai\/\" aria-label=\"Pasirinkti savybes: &ldquo;#U\u017dSID\u0116KTA\u0160K\u0104 Mar\u0161kiniai&rdquo;\" data-quantity=\"1\" data-product_id=\"14556\" data-product_sku=\"SHRT-1\" data-price=\"59\" rel=\"nofollow\" class=\"wp-block-button__link  add_to_cart_button\">Pasirinkti savybes<\/a><\/div>\n\t\t\t<\/li><\/ul><\/div><\/div>\n<\/div>\n","protected":false},"excerpt":{"rendered":"You may be interested in\u2026 Your cart is currently empty! New in store","protected":false},"author":1,"featured_media":0,"parent":0,"menu_order":0,"comment_status":"closed","ping_status":"closed","template":"","meta":{"footnotes":""},"class_list":["post-3425","page","type-page","status-publish"],"_links":{"self":[{"href":"https:\/\/signus.agency\/lt\/wp-json\/wp\/v2\/pages\/3425","targetHints":{"allow":["GET"]}}],"collection":[{"href":"https:\/\/signus.agency\/lt\/wp-json\/wp\/v2\/pages"}],"about":[{"href":"https:\/\/signus.agency\/lt\/wp-json\/wp\/v2\/types\/page"}],"author":[{"embeddable":true,"href":"https:\/\/signus.agency\/lt\/wp-json\/wp\/v2\/users\/1"}],"replies":[{"embeddable":true,"href":"https:\/\/signus.agency\/lt\/wp-json\/wp\/v2\/comments?post=3425"}],"version-history":[{"count":0,"href":"https:\/\/signus.agency\/lt\/wp-json\/wp\/v2\/pages\/3425\/revisions"}],"wp:attachment":[{"href":"https:\/\/signus.agency\/lt\/wp-json\/wp\/v2\/media?parent=3425"}],"curies":[{"name":"wp","href":"https:\/\/api.w.org\/{rel}","templated":true}]}}